{"id":78103,"date":"2023-05-09T16:53:27","date_gmt":"2023-05-09T15:53:27","guid":{"rendered":"https:\/\/cbcommercial.it\/termini-e-condizioni\/"},"modified":"2023-05-22T14:25:32","modified_gmt":"2023-05-22T13:25:32","slug":"termini-e-condizioni","status":"publish","type":"page","link":"https:\/\/cbcommercial.it\/en\/termini-e-condizioni\/","title":{"rendered":"Termini e Condizioni"},"content":{"rendered":"\n<p><strong>Disclaimer \u2013 Condizioni generali di utilizzo<\/strong><\/p>\n\n<p>L\u2019accesso e l\u2019utilizzo del sito www.cbcommercial.it (di seguito, il \u201cSito\u201d) di Realty Advisory S.p.A. con sede in Milano,via Camperio 10 (di seguito \u201cRealty\u201d) da parte di qualsiasi utente presuppongono la consapevole presa visione ed integrale accettazione delle modalit\u00e0, limitazioni, indicazioni e regole di seguito riportate, nonch\u00e9 l\u2019impegno a manlevare e a tenere indenne Realty da qualsiasi rivendicazione o pretesa di terzi che dovesse derivare, direttamente o indirettamente, da un utilizzo improprio o illecito del Sito stesso. Qualora non si voglia accettare la successiva regolamentazione si invita l\u2019utente a non utilizzare il Sito. L\u2019utente riconosce che l\u2019utilizzo del Sito avviene a sua sola ed esclusiva discrezione. Realty declina ogni responsabilit\u00e0 per le conseguenze che potrebbero essere arrecate ad utenti o terzi da possibili malfunzionamenti e\/o interruzioni della disponibilit\u00e0 e\/o funzionalit\u00e0 del Sito e per gli eventuali danni di qualsiasi natura in cui dovessero incorrere gli utenti. Tutti i contenuti sono inseriti con cura ed attenzione al fine di fornire con la maggiore esattezza e precisione possibile tutti i dati e le informazioni contenuti nel Sito, tuttavia non si garantisce che non Vi possano comunque essere errori, imprecisioni e\/od omissioni nelle informazioni pubblicate. Realty non \u00e8 in alcuna misura responsabile delle informazioni immesse nel Sito con particolare riferimento, ad esempio, alla veridicit\u00e0, all\u2019esaustivit\u00e0, alla non ingannevolezza, alla liceit\u00e0 degli annunci, n\u00e9 \u00e8 posto a suo carico alcun onere di verifica e di controllo delle stesse. In ogni caso, chiunque intenda acquistare eventuali prodotti, beni o servizi, deve considerare le informazioni contenute nel Sito puramente indicative e deve accertarsi, ulteriormente, dell\u2019effettiva natura di esse e della loro concreta idoneit\u00e0 all\u2019uso che se ne intende fare. Tutte le informazioni di questo Sito sono fornite senza alcuna garanzia, implicita od esplicita, di qualit\u00e0 dei prodotti, beni o servizi di idoneit\u00e0 per uno specifico scopo o di non violazione di diritti di propriet\u00e0 intellettuale. In nessun caso Realty sar\u00e0 ritenuta responsabile per qualsiasi danno diretto o indiretto, causato dall\u2019utilizzo di questo Sito. Per l\u2019utilizzo di alcuni servizi potrebbe essere necessaria la registrazione da parte dell\u2019utente in conformit\u00e0 alle istruzioni e con le modalit\u00e0 di volta in volta indicate nel Sito. Il trattamento dei dati personali, che l\u2019utente decider\u00e0 liberamente di fornire, avverr\u00e0 in conformit\u00e0 alla informativa pubblicata nella pagina ove vengono caricati i dati stessi che l\u2019utente \u00e8 invitato a consultare. L\u2019utente che accede al Sito si impegna a non utilizzare il Sito stesso per scopi impropri e\/o illeciti. Tutto il materiale pubblicato su questo Sito \u00e8 protetto dai diritti di propriet\u00e0 intellettuale in conformit\u00e0 alla normativa vigente in materia di tutela del diritto d\u2019autore applicabile. L\u2019accesso al Sito non fornisce all\u2019utente il diritto di appropriarsi, n\u00e9 di riprodurre, di modificare, di distribuire, di ripubblicare, in alcuna forma anche parziale e con qualsiasi strumento, le informazioni in esso contenute. I contenuti del Sito non possono, pertanto, n\u00e9 totalmente n\u00e9 in parte, essere copiati, riprodotti, trasferiti, scaricati, pubblicati o distribuiti in qualsiasi modo senza il preventivo consenso scritto di Realty. Parimenti i marchi, i loghi ed ogni altro segno distintivo che compare su questo Sito sono coperti da copyright e dalla normativa in materia di propriet\u00e0 industriale, gli stessi, pertanto, non possono essere riprodotti per l\u2019utilizzo e\/o divulgazione da parte di terzi. Realty potr\u00e0 modificare e\/o aggiornare, in tutto o in parte, questo Disclaimer legale, nonch\u00e9 modificare, spostare, cancellare o aggiungere parti al Sito senza tuttavia alcun obbligo di aggiornare le informazioni o dichiarazioni contenute sul Sito.<\/p>\n\n<p><strong>Cookies<\/strong><\/p>\n\n<p>Durante la navigazione nel Sito potrebbero essere rilasciati\/inviati dei \u201ccookie\u201d (cio\u00e8 piccoli data file che alcuni siti web, mentre vengono visitati, possono inviare all\u2019indirizzo dell\u2019utente), al fine di tracciare i percorsi dell\u2019utente nel Sito. Se si preferisce non ricevere cookie, si pu\u00f2 impostare il proprio browser in modo tale che vi avverta della presenza di un cookie e quindi decidere se accettarlo o meno. Si pu\u00f2 anche rifiutare automaticamente tutti i cookie, attivando l\u2019apposita opzione nel browser.<\/p>\n\n<p><strong>Links<\/strong><\/p>\n\n<p>Nel Sito potrebbero essere presenti links (\u201cLink\u201d) verso altri siti internet (\u201cSiti Esterni\u201d). Qualora l\u2019utente dovesse decidere di collegarsi ai Siti Esterni tramite i Link se ne assume ogni responsabilit\u00e0 anche in caso di<\/p>\n\n<p>danni dovuti a virus e\/o elementi distruttivi provenienti dai Siti Esterni. Il collegamento con altri siti non implica necessariamente che Realty sponsorizzi i prodotti e\/o i servizi descritti in quei siti, n\u00e9 le societ\u00e0 e\/o gli enti che li offrono. Reallty non \u00e8 responsabile del contenuto e\/o delle inserzioni pubblicitarie e\/o del funzionamento dei Siti Esterni; pertanto non potr\u00e0 in alcun modo rispondere degli eventuali danni derivanti all\u2019utente dalla navigazione nei Siti Esterni o in relazione all\u2019acquisto e\/o all\u2019uso di beni o di servizi effettuati tramite Siti Esterni.<\/p>\n\n<p>Legge applicabile e Foro competente<\/p>\n\n<p>Per tutte le questioni relative all\u2019uso del Sito troveranno applicazione esclusivamente i regolamenti e la Legge Italiana. In caso di controversie \u00e8 competente esclusivamente il Foro di Roma.<\/p>\n\n<div style=\"height:200px\" aria-hidden=\"true\" class=\"wp-block-spacer\"><\/div>\n","protected":false},"excerpt":{"rendered":"<p>Disclaimer \u2013 Condizioni generali di utilizzo L\u2019accesso e l\u2019utilizzo del sito www.cbcommercial.it (di seguito, il \u201cSito\u201d) di Realty Advisory S.p.A. con sede in Milano,via Camperio 10 (di seguito \u201cRealty\u201d) da parte di qualsiasi utente presuppongono la consapevole presa visione ed integrale accettazione delle modalit\u00e0, limitazioni, indicazioni e regole di seguito riportate, nonch\u00e9 l\u2019impegno a manlevare&#8230;<\/p>\n","protected":false},"author":1,"featured_media":0,"parent":0,"menu_order":0,"comment_status":"closed","ping_status":"closed","template":"","meta":{"_acf_changed":false,"_monsterinsights_skip_tracking":false,"_monsterinsights_sitenote_active":false,"_monsterinsights_sitenote_note":"","_monsterinsights_sitenote_category":0,"footnotes":""},"class_list":["post-78103","page","type-page","status-publish","hentry"],"acf":[],"yoast_head":"<!-- This site is optimized with the Yoast SEO plugin v22.5 - https:\/\/yoast.com\/wordpress\/plugins\/seo\/ -->\n<title>Termini e Condizioni - CB Commercial<\/title>\n<meta name=\"description\" content=\"Disclaimer \u2013 Condizioni generali di utilizzo L\u2019accesso e l\u2019utilizzo del sito www.cbcommercial.it (di seguito, il \u201cSito\u201d) di Realty Advisory S.p.A. con\" \/>\n<meta name=\"robots\" content=\"index, follow, max-snippet:-1, max-image-preview:large, max-video-preview:-1\" \/>\n<link rel=\"canonical\" href=\"https:\/\/cbcommercial.it\/en\/termini-e-condizioni\/\" \/>\n<meta property=\"og:locale\" content=\"en_US\" \/>\n<meta property=\"og:type\" content=\"article\" \/>\n<meta property=\"og:title\" content=\"Termini e Condizioni - CB Commercial\" \/>\n<meta property=\"og:description\" content=\"Disclaimer \u2013 Condizioni generali di utilizzo L\u2019accesso e l\u2019utilizzo del sito www.cbcommercial.it (di seguito, il \u201cSito\u201d) di Realty Advisory S.p.A. con\" \/>\n<meta property=\"og:url\" content=\"https:\/\/cbcommercial.it\/en\/termini-e-condizioni\/\" \/>\n<meta property=\"og:site_name\" content=\"CB Commercial\" \/>\n<meta property=\"article:modified_time\" content=\"2023-05-22T13:25:32+00:00\" \/>\n<meta name=\"twitter:card\" content=\"summary_large_image\" \/>\n<meta name=\"twitter:label1\" content=\"Est. reading time\" \/>\n\t<meta name=\"twitter:data1\" content=\"4 minutes\" \/>\n<script type=\"application\/ld+json\" class=\"yoast-schema-graph\">{\"@context\":\"https:\/\/schema.org\",\"@graph\":[{\"@type\":\"WebPage\",\"@id\":\"https:\/\/cbcommercial.it\/en\/termini-e-condizioni\/\",\"url\":\"https:\/\/cbcommercial.it\/en\/termini-e-condizioni\/\",\"name\":\"Termini e Condizioni - CB Commercial\",\"isPartOf\":{\"@id\":\"https:\/\/cbcommercial.it\/#website\"},\"datePublished\":\"2023-05-09T15:53:27+00:00\",\"dateModified\":\"2023-05-22T13:25:32+00:00\",\"description\":\"Disclaimer \u2013 Condizioni generali di utilizzo L\u2019accesso e l\u2019utilizzo del sito www.cbcommercial.it (di seguito, il \u201cSito\u201d) di Realty Advisory S.p.A. con\",\"inLanguage\":\"en-US\",\"potentialAction\":[{\"@type\":\"ReadAction\",\"target\":[\"https:\/\/cbcommercial.it\/en\/termini-e-condizioni\/\"]}]},{\"@type\":\"WebSite\",\"@id\":\"https:\/\/cbcommercial.it\/#website\",\"url\":\"https:\/\/cbcommercial.it\/\",\"name\":\"CB Commercial\",\"description\":\"Realty Advisory SpA Spciet\u00e0 Benefit\",\"publisher\":{\"@id\":\"https:\/\/cbcommercial.it\/#organization\"},\"potentialAction\":[{\"@type\":\"SearchAction\",\"target\":{\"@type\":\"EntryPoint\",\"urlTemplate\":\"https:\/\/cbcommercial.it\/?s={search_term_string}\"},\"query-input\":\"required name=search_term_string\"}],\"inLanguage\":\"en-US\"},{\"@type\":\"Organization\",\"@id\":\"https:\/\/cbcommercial.it\/#organization\",\"name\":\"CB Commercial\",\"url\":\"https:\/\/cbcommercial.it\/\",\"logo\":{\"@type\":\"ImageObject\",\"inLanguage\":\"en-US\",\"@id\":\"https:\/\/cbcommercial.it\/#\/schema\/logo\/image\/\",\"url\":\"https:\/\/cbcommercial.it\/wp-content\/uploads\/2023\/05\/logo.png\",\"contentUrl\":\"https:\/\/cbcommercial.it\/wp-content\/uploads\/2023\/05\/logo.png\",\"width\":2550,\"height\":900,\"caption\":\"CB Commercial\"},\"image\":{\"@id\":\"https:\/\/cbcommercial.it\/#\/schema\/logo\/image\/\"}}]}<\/script>\n<!-- \/ Yoast SEO plugin. -->","yoast_head_json":{"title":"Termini e Condizioni - CB Commercial","description":"Disclaimer \u2013 Condizioni generali di utilizzo L\u2019accesso e l\u2019utilizzo del sito www.cbcommercial.it (di seguito, il \u201cSito\u201d) di Realty Advisory S.p.A. con","robots":{"index":"index","follow":"follow","max-snippet":"max-snippet:-1","max-image-preview":"max-image-preview:large","max-video-preview":"max-video-preview:-1"},"canonical":"https:\/\/cbcommercial.it\/en\/termini-e-condizioni\/","og_locale":"en_US","og_type":"article","og_title":"Termini e Condizioni - CB Commercial","og_description":"Disclaimer \u2013 Condizioni generali di utilizzo L\u2019accesso e l\u2019utilizzo del sito www.cbcommercial.it (di seguito, il \u201cSito\u201d) di Realty Advisory S.p.A. con","og_url":"https:\/\/cbcommercial.it\/en\/termini-e-condizioni\/","og_site_name":"CB Commercial","article_modified_time":"2023-05-22T13:25:32+00:00","twitter_card":"summary_large_image","twitter_misc":{"Est. reading time":"4 minutes"},"schema":{"@context":"https:\/\/schema.org","@graph":[{"@type":"WebPage","@id":"https:\/\/cbcommercial.it\/en\/termini-e-condizioni\/","url":"https:\/\/cbcommercial.it\/en\/termini-e-condizioni\/","name":"Termini e Condizioni - CB Commercial","isPartOf":{"@id":"https:\/\/cbcommercial.it\/#website"},"datePublished":"2023-05-09T15:53:27+00:00","dateModified":"2023-05-22T13:25:32+00:00","description":"Disclaimer \u2013 Condizioni generali di utilizzo L\u2019accesso e l\u2019utilizzo del sito www.cbcommercial.it (di seguito, il \u201cSito\u201d) di Realty Advisory S.p.A. con","inLanguage":"en-US","potentialAction":[{"@type":"ReadAction","target":["https:\/\/cbcommercial.it\/en\/termini-e-condizioni\/"]}]},{"@type":"WebSite","@id":"https:\/\/cbcommercial.it\/#website","url":"https:\/\/cbcommercial.it\/","name":"CB Commercial","description":"Realty Advisory SpA Spciet\u00e0 Benefit","publisher":{"@id":"https:\/\/cbcommercial.it\/#organization"},"potentialAction":[{"@type":"SearchAction","target":{"@type":"EntryPoint","urlTemplate":"https:\/\/cbcommercial.it\/?s={search_term_string}"},"query-input":"required name=search_term_string"}],"inLanguage":"en-US"},{"@type":"Organization","@id":"https:\/\/cbcommercial.it\/#organization","name":"CB Commercial","url":"https:\/\/cbcommercial.it\/","logo":{"@type":"ImageObject","inLanguage":"en-US","@id":"https:\/\/cbcommercial.it\/#\/schema\/logo\/image\/","url":"https:\/\/cbcommercial.it\/wp-content\/uploads\/2023\/05\/logo.png","contentUrl":"https:\/\/cbcommercial.it\/wp-content\/uploads\/2023\/05\/logo.png","width":2550,"height":900,"caption":"CB Commercial"},"image":{"@id":"https:\/\/cbcommercial.it\/#\/schema\/logo\/image\/"}}]}},"_links":{"self":[{"href":"https:\/\/cbcommercial.it\/en\/wp-json\/wp\/v2\/pages\/78103","targetHints":{"allow":["GET"]}}],"collection":[{"href":"https:\/\/cbcommercial.it\/en\/wp-json\/wp\/v2\/pages"}],"about":[{"href":"https:\/\/cbcommercial.it\/en\/wp-json\/wp\/v2\/types\/page"}],"author":[{"embeddable":true,"href":"https:\/\/cbcommercial.it\/en\/wp-json\/wp\/v2\/users\/1"}],"replies":[{"embeddable":true,"href":"https:\/\/cbcommercial.it\/en\/wp-json\/wp\/v2\/comments?post=78103"}],"version-history":[{"count":1,"href":"https:\/\/cbcommercial.it\/en\/wp-json\/wp\/v2\/pages\/78103\/revisions"}],"predecessor-version":[{"id":78104,"href":"https:\/\/cbcommercial.it\/en\/wp-json\/wp\/v2\/pages\/78103\/revisions\/78104"}],"wp:attachment":[{"href":"https:\/\/cbcommercial.it\/en\/wp-json\/wp\/v2\/media?parent=78103"}],"curies":[{"name":"wp","href":"https:\/\/api.w.org\/{rel}","templated":true}]}}